{"id":1817,"date":"2023-12-07T07:36:16","date_gmt":"2023-12-07T07:36:16","guid":{"rendered":"https:\/\/erg.co.mz\/?page_id=1817"},"modified":"2024-01-15T08:21:18","modified_gmt":"2024-01-15T08:21:18","slug":"sustentabilidade","status":"publish","type":"page","link":"https:\/\/erg.co.mz\/en\/sustentabilidade\/","title":{"rendered":"Sustainability"},"content":{"rendered":"<div data-elementor-type=\"wp-page\" data-elementor-id=\"1817\" class=\"elementor elementor-1817\" data-elementor-post-type=\"page\">\n\t\t\t\t<div class=\"elementor-element elementor-element-3628cda e-flex e-con-boxed wpr-particle-no wpr-jarallax-no wpr-parallax-no wpr-sticky-section-no wpr-equal-height-no e-con e-parent\" data-id=\"3628cda\" data-element_type=\"container\" data-e-type=\"container\">\n\t\t\t\t\t<div class=\"e-con-inner\">\n\t\t\t\t<div class=\"elementor-element elementor-element-79208c8 elementor-widget elementor-widget-heading\" data-id=\"79208c8\" data-element_type=\"widget\" data-e-type=\"widget\" data-widget_type=\"heading.default\">\n\t\t\t\t<div class=\"elementor-widget-container\">\n\t\t\t\t\t<h2 class=\"elementor-heading-title elementor-size-default\">Sustainable Development Goals (SDGs)<\/h2>\t\t\t\t<\/div>\n\t\t\t\t<\/div>\n\t\t\t\t<div class=\"elementor-element elementor-element-d979b32 elementor-widget elementor-widget-text-editor\" data-id=\"d979b32\" data-element_type=\"widget\" data-e-type=\"widget\" data-widget_type=\"text-editor.default\">\n\t\t\t\t<div class=\"elementor-widget-container\">\n\t\t\t\t\t\t\t\t\t<p><strong><b>AGENDA 2030<\/b><\/strong><\/p><p>The Sustainable Development Goals were established by the United Nations (UN) as a universal call to protect the planet and ensure that all people have dignity. It is a set of goals that guide governments, companies and corporations towards a more sustainable and inclusive world. They serve as a guideline for countries to overcome the most pressing environmental, political and economic challenges.<\/p>\t\t\t\t\t\t\t\t<\/div>\n\t\t\t\t<\/div>\n\t\t\t\t<div class=\"elementor-element elementor-element-a11d3dd elementor-widget elementor-widget-image\" data-id=\"a11d3dd\" data-element_type=\"widget\" data-e-type=\"widget\" data-widget_type=\"image.default\">\n\t\t\t\t<div class=\"elementor-widget-container\">\n\t\t\t\t\t\t\t\t\t\t\t\t\t\t\t<img fetchpriority=\"high\" decoding=\"async\" width=\"1024\" height=\"512\" src=\"https:\/\/erg.co.mz\/wp-content\/uploads\/2023\/12\/odssss-1-scaled-1-1024x512.jpg\" class=\"attachment-large size-large wp-image-1878\" alt=\"\" srcset=\"https:\/\/erg.co.mz\/wp-content\/uploads\/2023\/12\/odssss-1-scaled-1-1024x512.jpg 1024w, https:\/\/erg.co.mz\/wp-content\/uploads\/2023\/12\/odssss-1-scaled-1-300x150.jpg 300w, https:\/\/erg.co.mz\/wp-content\/uploads\/2023\/12\/odssss-1-scaled-1-768x384.jpg 768w, https:\/\/erg.co.mz\/wp-content\/uploads\/2023\/12\/odssss-1-scaled-1-1536x768.jpg 1536w, https:\/\/erg.co.mz\/wp-content\/uploads\/2023\/12\/odssss-1-scaled-1-2048x1024.jpg 2048w, https:\/\/erg.co.mz\/wp-content\/uploads\/2023\/12\/odssss-1-scaled-1-18x9.jpg 18w\" sizes=\"(max-width: 1024px) 100vw, 1024px\" \/>\t\t\t\t\t\t\t\t\t\t\t\t\t\t\t<\/div>\n\t\t\t\t<\/div>\n\t\t\t\t<div class=\"elementor-element elementor-element-560d020 elementor-widget elementor-widget-text-editor\" data-id=\"560d020\" data-element_type=\"widget\" data-e-type=\"widget\" data-widget_type=\"text-editor.default\">\n\t\t\t\t<div class=\"elementor-widget-container\">\n\t\t\t\t\t\t\t\t\t<p>ERG Constru\u00e7\u00f5es embraces this cause by adopting the 2030 Agenda of the SDGs as a key factor for sustainable development and overcoming environmental, political and economic challenges. With this in mind, ERG Constru\u00e7\u00f5es has prioritized 3 SDGs at local level, to which it believes it can make an active and more effective contribution.<\/p>\t\t\t\t\t\t\t\t<\/div>\n\t\t\t\t<\/div>\n\t\t\t\t<div class=\"elementor-element elementor-element-c3f47d1 elementor-widget elementor-widget-spacer\" data-id=\"c3f47d1\" data-element_type=\"widget\" data-e-type=\"widget\" data-widget_type=\"spacer.default\">\n\t\t\t\t<div class=\"elementor-widget-container\">\n\t\t\t\t\t\t\t<div class=\"elementor-spacer\">\n\t\t\t<div class=\"elementor-spacer-inner\"><\/div>\n\t\t<\/div>\n\t\t\t\t\t\t<\/div>\n\t\t\t\t<\/div>\n\t\t\t\t\t<\/div>\n\t\t\t\t<\/div>\n\t\t<div class=\"elementor-element elementor-element-2752e11 e-flex e-con-boxed wpr-particle-no wpr-jarallax-no wpr-parallax-no wpr-sticky-section-no wpr-equal-height-no e-con e-parent\" data-id=\"2752e11\" data-element_type=\"container\" data-e-type=\"container\">\n\t\t\t\t\t<div class=\"e-con-inner\">\n\t\t<div class=\"elementor-element elementor-element-c82eea9 e-con-full e-flex wpr-particle-no wpr-jarallax-no wpr-parallax-no wpr-sticky-section-no wpr-equal-height-no e-con e-child\" data-id=\"c82eea9\" data-element_type=\"container\" data-e-type=\"container\">\n\t\t\t\t<div class=\"elementor-element elementor-element-ab46597 elementor-widget elementor-widget-image\" data-id=\"ab46597\" data-element_type=\"widget\" data-e-type=\"widget\" data-widget_type=\"image.default\">\n\t\t\t\t<div class=\"elementor-widget-container\">\n\t\t\t\t\t\t\t\t\t\t\t\t\t\t\t<img decoding=\"async\" width=\"103\" height=\"101\" src=\"https:\/\/erg.co.mz\/wp-content\/uploads\/2023\/12\/1ods.png\" class=\"attachment-large size-large wp-image-1889\" alt=\"\" srcset=\"https:\/\/erg.co.mz\/wp-content\/uploads\/2023\/12\/1ods.png 103w, https:\/\/erg.co.mz\/wp-content\/uploads\/2023\/12\/1ods-12x12.png 12w\" sizes=\"(max-width: 103px) 100vw, 103px\" \/>\t\t\t\t\t\t\t\t\t\t\t\t\t\t\t<\/div>\n\t\t\t\t<\/div>\n\t\t\t\t<\/div>\n\t\t<div class=\"elementor-element elementor-element-4dd5465 e-con-full e-flex wpr-particle-no wpr-jarallax-no wpr-parallax-no wpr-sticky-section-no wpr-equal-height-no e-con e-child\" data-id=\"4dd5465\" data-element_type=\"container\" data-e-type=\"container\">\n\t\t\t\t<div class=\"elementor-element elementor-element-adefb57 elementor-widget elementor-widget-image\" data-id=\"adefb57\" data-element_type=\"widget\" data-e-type=\"widget\" data-widget_type=\"image.default\">\n\t\t\t\t<div class=\"elementor-widget-container\">\n\t\t\t\t\t\t\t\t\t\t\t\t\t\t\t<img decoding=\"async\" width=\"103\" height=\"104\" src=\"https:\/\/erg.co.mz\/wp-content\/uploads\/2023\/12\/3ods.png\" class=\"attachment-large size-large wp-image-1891\" alt=\"\" srcset=\"https:\/\/erg.co.mz\/wp-content\/uploads\/2023\/12\/3ods.png 103w, https:\/\/erg.co.mz\/wp-content\/uploads\/2023\/12\/3ods-12x12.png 12w\" sizes=\"(max-width: 103px) 100vw, 103px\" \/>\t\t\t\t\t\t\t\t\t\t\t\t\t\t\t<\/div>\n\t\t\t\t<\/div>\n\t\t\t\t<\/div>\n\t\t<div class=\"elementor-element elementor-element-a30ad01 e-con-full e-flex wpr-particle-no wpr-jarallax-no wpr-parallax-no wpr-sticky-section-no wpr-equal-height-no e-con e-child\" data-id=\"a30ad01\" data-element_type=\"container\" data-e-type=\"container\">\n\t\t\t\t<div class=\"elementor-element elementor-element-538a2be elementor-widget elementor-widget-image\" data-id=\"538a2be\" data-element_type=\"widget\" data-e-type=\"widget\" data-widget_type=\"image.default\">\n\t\t\t\t<div class=\"elementor-widget-container\">\n\t\t\t\t\t\t\t\t\t\t\t\t\t\t\t<img loading=\"lazy\" decoding=\"async\" width=\"103\" height=\"102\" src=\"https:\/\/erg.co.mz\/wp-content\/uploads\/2023\/12\/2ods.png\" class=\"attachment-large size-large wp-image-1888\" alt=\"\" srcset=\"https:\/\/erg.co.mz\/wp-content\/uploads\/2023\/12\/2ods.png 103w, https:\/\/erg.co.mz\/wp-content\/uploads\/2023\/12\/2ods-12x12.png 12w\" sizes=\"(max-width: 103px) 100vw, 103px\" \/>\t\t\t\t\t\t\t\t\t\t\t\t\t\t\t<\/div>\n\t\t\t\t<\/div>\n\t\t\t\t<\/div>\n\t\t\t\t\t<\/div>\n\t\t\t\t<\/div>\n\t\t<div class=\"elementor-element elementor-element-0a071fe e-flex e-con-boxed wpr-particle-no wpr-jarallax-no wpr-parallax-no wpr-sticky-section-no wpr-equal-height-no e-con e-parent\" data-id=\"0a071fe\" data-element_type=\"container\" data-e-type=\"container\">\n\t\t\t\t\t<div class=\"e-con-inner\">\n\t\t\t\t<div class=\"elementor-element elementor-element-b0fe1bd elementor-widget elementor-widget-heading\" data-id=\"b0fe1bd\" data-element_type=\"widget\" data-e-type=\"widget\" data-widget_type=\"heading.default\">\n\t\t\t\t<div class=\"elementor-widget-container\">\n\t\t\t\t\t<h2 class=\"elementor-heading-title elementor-size-default\">ENVIRONMENTAL MANAGEMENT AND CLIMATE CHANGE<\/h2>\t\t\t\t<\/div>\n\t\t\t\t<\/div>\n\t\t\t\t<div class=\"elementor-element elementor-element-b98a5b4 elementor-widget elementor-widget-text-editor\" data-id=\"b98a5b4\" data-element_type=\"widget\" data-e-type=\"widget\" data-widget_type=\"text-editor.default\">\n\t\t\t\t<div class=\"elementor-widget-container\">\n\t\t\t\t\t\t\t\t\t<p>The management of environmental aspects at ERG Constru\u00e7\u00f5es is directly related to the environmental impacts of the company's activities and the environmental performance of the buildings and infrastructures we construct.<br \/>Preservation and respect for the environment are essential principles in the actions of our employees, which they also pass on to other stakeholders.<br \/>We follow and support the ISO 14001 standard as a global model for environmental management systems, with the aim of continuously improving environmental performance. As such, we have introduced specific systems to help identify and effectively manage environmental risks and have implemented measures to control consumption, energy and waste management, among others<\/p>\t\t\t\t\t\t\t\t<\/div>\n\t\t\t\t<\/div>\n\t\t\t\t<div class=\"elementor-element elementor-element-9ef1216 elementor-widget elementor-widget-heading\" data-id=\"9ef1216\" data-element_type=\"widget\" data-e-type=\"widget\" data-widget_type=\"heading.default\">\n\t\t\t\t<div class=\"elementor-widget-container\">\n\t\t\t\t\t<h2 class=\"elementor-heading-title elementor-size-default\">SUSTAINABLE CITIES<\/h2>\t\t\t\t<\/div>\n\t\t\t\t<\/div>\n\t\t\t\t<div class=\"elementor-element elementor-element-036d607 elementor-widget elementor-widget-text-editor\" data-id=\"036d607\" data-element_type=\"widget\" data-e-type=\"widget\" data-widget_type=\"text-editor.default\">\n\t\t\t\t<div class=\"elementor-widget-container\">\n\t\t\t\t\t\t\t\t\t<p>By 2050 more than half of the world's population, or up to two thirds, will live in urban areas. Therefore, our duty is to define strategies that allow for the continued growth of cities, focusing on sustainability, security, resilience, among others. We need to work together with local communities, local authorities and other stakeholders to design different ways of managing social and environmental challenges.<\/p>\t\t\t\t\t\t\t\t<\/div>\n\t\t\t\t<\/div>\n\t\t\t\t\t<\/div>\n\t\t\t\t<\/div>\n\t\t\t\t<\/div>","protected":false},"excerpt":{"rendered":"<p>Objectivos de Desenvolvimento Sustent\u00e1vel (ODS) AGENDA 2030 Os Objectivos de Desenvolvimento Sustent\u00e1vel foram estabelecidos pela Organiza\u00e7\u00e3o das Na\u00e7\u00f5es Unidas (ONU) como um apelo universal para proteger o planeta e garantir que todas as pessoas tenham dignidade. Trata-se de um conjunto de objectivos que orientam os governos, as empresas e as corpora\u00e7\u00f5es para um mundo mais sustent\u00e1vel e inclusivo. Servem de orienta\u00e7\u00e3o para os pa\u00edses ultrapassarem os desafios ambientais, pol\u00edticos e econ\u00f3micos mais prementes. A ERG Constru\u00e7\u00f5es abra\u00e7a esta causa adoptando a Agenda 2030 dos ODS como factor chave para o desenvolvimento sustent\u00e1vel e supera\u00e7\u00e3o de desafios ambientais, pol\u00edticos e econ\u00f3micos. Nesta senda a ERG Constru\u00e7\u00f5es assumiu como priorit\u00e1rios, a n\u00edvel local, 3 ODS para os quais entende poder contribuir de forma activa e mais efectiva. GEST\u00c3O AMBIENTAL E MUDAN\u00c7AS CLIM\u00c1TICAS A gest\u00e3o dos aspectos ambientais na ERG Constru\u00e7\u00f5es, est\u00e1 directamente relacionada com os impactos ambientais das actividades desenvolvidas na empresa, e com o desempenho ambiental dos edif\u00edcios e infra-estruturas que constru\u00edmos.A preserva\u00e7\u00e3o e o respeito pelo ambiente s\u00e3o princ\u00edpios essenciais nas ac\u00e7\u00f5es dos nossos colaboradores, que tamb\u00e9m transmitem \u00e0s outras partes interessadas.Seguimos e apoiamos a norma ISO 14001 como modelo global para sistemas de gest\u00e3o ambiental, com o objetivo de melhorar continuamente o desempenho ambiental. Como tal, introduzimos sistemas espec\u00edficos para ajudar a identificar e gerir eficazmente os riscos ambientais e implement\u00e1mos medidas para controlar o consumo, a energia e a gest\u00e3o de res\u00edduos, entre outros CIDADES SUSTENT\u00c1VEIS At\u00e9 2050 mais de metade da popula\u00e7\u00e3o mundial ou at\u00e9 dois ter\u00e7os viver\u00e1 em \u00e1reas urbanas. Assim, nosso dever \u00e9 definir estrat\u00e9gias que permitam o continuo crescimento das cidades, centrando-se na sustentabilidade, seguran\u00e7a, resili\u00eancia, entre outros. \u00c9 necess\u00e1ria desenvolver um trabalho conjunto com as comunidades locais, com as autoridades locais e os demais intervenientes desse processo\u00a0para desenhar as diversas formas de gest\u00e3o dos desafios sociais e ambientais.<\/p>","protected":false},"author":1,"featured_media":0,"parent":0,"menu_order":0,"comment_status":"closed","ping_status":"closed","template":"","meta":{"site-sidebar-layout":"no-sidebar","site-content-layout":"page-builder","ast-site-content-layout":"full-width-container","site-content-style":"default","site-sidebar-style":"default","ast-global-header-display":"","ast-banner-title-visibility":"","ast-main-header-display":"","ast-hfb-above-header-display":"","ast-hfb-below-header-display":"","ast-hfb-mobile-header-display":"","site-post-title":"disabled","ast-breadcrumbs-content":"","ast-featured-img":"disabled","footer-sml-layout":"","ast-disable-related-posts":"","theme-transparent-header-meta":"","adv-header-id-meta":"","stick-header-meta":"","header-above-stick-meta":"","header-main-stick-meta":"","header-below-stick-meta":"","astra-migrate-meta-layouts":"set","ast-page-background-enabled":"default","ast-page-background-meta":{"desktop":{"background-color":"","background-image":"","background-repeat":"repeat","background-position":"center center","background-size":"auto","background-attachment":"scroll","background-type":"","background-media":"","overlay-type":"","overlay-color":"","overlay-opacity":"","overlay-gradient":""},"tablet":{"background-color":"","background-image":"","background-repeat":"repeat","background-position":"center center","background-size":"auto","background-attachment":"scroll","background-type":"","background-media":"","overlay-type":"","overlay-color":"","overlay-opacity":"","overlay-gradient":""},"mobile":{"background-color":"","background-image":"","background-repeat":"repeat","background-position":"center center","background-size":"auto","background-attachment":"scroll","background-type":"","background-media":"","overlay-type":"","overlay-color":"","overlay-opacity":"","overlay-gradient":""}},"ast-content-background-meta":{"desktop":{"background-color":"var(--ast-global-color-5)","background-image":"","background-repeat":"repeat","background-position":"center center","background-size":"auto","background-attachment":"scroll","background-type":"","background-media":"","overlay-type":"","overlay-color":"","overlay-opacity":"","overlay-gradient":""},"tablet":{"background-color":"var(--ast-global-color-5)","background-image":"","background-repeat":"repeat","background-position":"center center","background-size":"auto","background-attachment":"scroll","background-type":"","background-media":"","overlay-type":"","overlay-color":"","overlay-opacity":"","overlay-gradient":""},"mobile":{"background-color":"var(--ast-global-color-5)","background-image":"","background-repeat":"repeat","background-position":"center center","background-size":"auto","background-attachment":"scroll","background-type":"","background-media":"","overlay-type":"","overlay-color":"","overlay-opacity":"","overlay-gradient":""}},"footnotes":""},"class_list":["post-1817","page","type-page","status-publish","hentry"],"_links":{"self":[{"href":"https:\/\/erg.co.mz\/en\/wp-json\/wp\/v2\/pages\/1817","targetHints":{"allow":["GET"]}}],"collection":[{"href":"https:\/\/erg.co.mz\/en\/wp-json\/wp\/v2\/pages"}],"about":[{"href":"https:\/\/erg.co.mz\/en\/wp-json\/wp\/v2\/types\/page"}],"author":[{"embeddable":true,"href":"https:\/\/erg.co.mz\/en\/wp-json\/wp\/v2\/users\/1"}],"replies":[{"embeddable":true,"href":"https:\/\/erg.co.mz\/en\/wp-json\/wp\/v2\/comments?post=1817"}],"version-history":[{"count":76,"href":"https:\/\/erg.co.mz\/en\/wp-json\/wp\/v2\/pages\/1817\/revisions"}],"predecessor-version":[{"id":2244,"href":"https:\/\/erg.co.mz\/en\/wp-json\/wp\/v2\/pages\/1817\/revisions\/2244"}],"wp:attachment":[{"href":"https:\/\/erg.co.mz\/en\/wp-json\/wp\/v2\/media?parent=1817"}],"curies":[{"name":"wp","href":"https:\/\/api.w.org\/{rel}","templated":true}]}}