{"id":1901,"date":"2023-12-07T11:35:19","date_gmt":"2023-12-07T11:35:19","guid":{"rendered":"https:\/\/erg.co.mz\/?page_id=1901"},"modified":"2023-12-12T15:28:28","modified_gmt":"2023-12-12T15:28:28","slug":"termos","status":"publish","type":"page","link":"https:\/\/erg.co.mz\/en\/termos\/","title":{"rendered":"Termos"},"content":{"rendered":"<div data-elementor-type=\"wp-page\" data-elementor-id=\"1901\" class=\"elementor elementor-1901\" data-elementor-post-type=\"page\">\n\t\t\t\t<div class=\"elementor-element elementor-element-12ec1d0 e-flex e-con-boxed wpr-particle-no wpr-jarallax-no wpr-parallax-no wpr-sticky-section-no wpr-equal-height-no e-con e-parent\" data-id=\"12ec1d0\" data-element_type=\"container\" data-e-type=\"container\">\n\t\t\t\t\t<div class=\"e-con-inner\">\n\t\t\t\t<div class=\"elementor-element elementor-element-13edede elementor-widget elementor-widget-spacer\" data-id=\"13edede\" data-element_type=\"widget\" data-e-type=\"widget\" data-widget_type=\"spacer.default\">\n\t\t\t\t<div class=\"elementor-widget-container\">\n\t\t\t\t\t\t\t<div class=\"elementor-spacer\">\n\t\t\t<div class=\"elementor-spacer-inner\"><\/div>\n\t\t<\/div>\n\t\t\t\t\t\t<\/div>\n\t\t\t\t<\/div>\n\t\t\t\t\t<\/div>\n\t\t\t\t<\/div>\n\t\t<div class=\"elementor-element elementor-element-218530e e-flex e-con-boxed wpr-particle-no wpr-jarallax-no wpr-parallax-no wpr-sticky-section-no wpr-equal-height-no e-con e-parent\" data-id=\"218530e\" data-element_type=\"container\" data-e-type=\"container\">\n\t\t\t\t\t<div class=\"e-con-inner\">\n\t\t\t\t<div class=\"elementor-element elementor-element-e0309d8 elementor-widget elementor-widget-heading\" data-id=\"e0309d8\" data-element_type=\"widget\" data-e-type=\"widget\" data-widget_type=\"heading.default\">\n\t\t\t\t<div class=\"elementor-widget-container\">\n\t\t\t\t\t<h2 class=\"elementor-heading-title elementor-size-default\">Consent form<\/h2>\t\t\t\t<\/div>\n\t\t\t\t<\/div>\n\t\t\t\t<div class=\"elementor-element elementor-element-86c3a35 elementor-widget elementor-widget-text-editor\" data-id=\"86c3a35\" data-element_type=\"widget\" data-e-type=\"widget\" data-widget_type=\"text-editor.default\">\n\t\t\t\t<div class=\"elementor-widget-container\">\n\t\t\t\t\t\t\t\t\t<p>Os dados recolhidos ser\u00e3o processados e armazenados informaticamente pela entidade respons\u00e1vel pelo tratamento, a ERG Constru\u00e7\u00f5es. Estes dados ser\u00e3o tratados de forma confidencial e ser\u00e3o utilizados para responder \u00e0 sua solicita\u00e7\u00e3o atrav\u00e9s do formul\u00e1rio da \u00e1rea de contactos e retidos no sistema inform\u00e1tico do respons\u00e1vel pelo tratamento pelo per\u00edodo e para as finalidades nos termos do consentimento.<\/p><p>Nos termos da legisla\u00e7\u00e3o aplic\u00e1vel, o titular dos dados pessoais poder\u00e1 solicitar o acesso, actualiza\u00e7\u00e3o, correc\u00e7\u00e3o, suspens\u00e3o e elimina\u00e7\u00e3o dos dados que lhe dizem respeito, ou opor-se ao seu tratamento, bem como exercer o direito de portabilidade, pessoalmente, por carta ou por correio electr\u00f3nico para:<\/p>\t\t\t\t\t\t\t\t<\/div>\n\t\t\t\t<\/div>\n\t\t\t\t<div class=\"elementor-element elementor-element-aa3f4b3 elementor-widget elementor-widget-text-editor\" data-id=\"aa3f4b3\" data-element_type=\"widget\" data-e-type=\"widget\" data-widget_type=\"text-editor.default\">\n\t\t\t\t<div class=\"elementor-widget-container\">\n\t\t\t\t\t\t\t\t\t<p class=\"western\" align=\"justify\">Declaro que autorizo o tratamento dos meus dados pessoais nos termos acima referidos e para efeitos da solicita\u00e7\u00e3o\/reclama\u00e7\u00e3o descrita no campo mensagem e retidos no sistema inform\u00e1tico do respons\u00e1vel pelo tratamento at\u00e9 \u00e0 conclus\u00e3o do processo acrescido do per\u00edodo de um ano.<\/p><p class=\"western\" align=\"justify\">Declaro que autorizo o tratamento dos meus dados pessoais nos termos acima referidos e a sua transfer\u00eancia para as empresas\/sucursais\/delega\u00e7\u00f5es da Erg Constru\u00e7\u00f5es. Caso o assunto descrito na solicita\u00e7\u00e3o\/reclama\u00e7\u00e3o deva ser tratado no local onde deu origem \u00e0 solicita\u00e7\u00e3o\/reclama\u00e7\u00e3o. Os dados pessoais ficar\u00e3o retidos no sistema inform\u00e1tico do respons\u00e1vel pelo tratamento at\u00e9 \u00e0 conclus\u00e3o do processo acrescido do per\u00edodo de um ano.<\/p><p class=\"western\" align=\"justify\">Nos termos da legisla\u00e7\u00e3o aplic\u00e1vel, o titular dos dados pessoais poder\u00e1 solicitar a revoga\u00e7\u00e3o dos consentimentos dados, por carta ou por correio electr\u00f3nico para o respons\u00e1vel pelo. Esta revoga\u00e7\u00e3o n\u00e3o tem efeitos retroactivos.<\/p>\t\t\t\t\t\t\t\t<\/div>\n\t\t\t\t<\/div>\n\t\t\t\t\t<\/div>\n\t\t\t\t<\/div>\n\t\t\t\t<\/div>","protected":false},"excerpt":{"rendered":"<p>Termo de consentimento Os dados recolhidos ser\u00e3o processados e armazenados informaticamente pela entidade respons\u00e1vel pelo tratamento, a ERG Constru\u00e7\u00f5es. Estes dados ser\u00e3o tratados de forma confidencial e ser\u00e3o utilizados para responder \u00e0 sua solicita\u00e7\u00e3o atrav\u00e9s do formul\u00e1rio da \u00e1rea de contactos e retidos no sistema inform\u00e1tico do respons\u00e1vel pelo tratamento pelo per\u00edodo e para as finalidades nos termos do consentimento. Nos termos da legisla\u00e7\u00e3o aplic\u00e1vel, o titular dos dados pessoais poder\u00e1 solicitar o acesso, actualiza\u00e7\u00e3o, correc\u00e7\u00e3o, suspens\u00e3o e elimina\u00e7\u00e3o dos dados que lhe dizem respeito, ou opor-se ao seu tratamento, bem como exercer o direito de portabilidade, pessoalmente, por carta ou por correio electr\u00f3nico para: Declaro que autorizo o tratamento dos meus dados pessoais nos termos acima referidos e para efeitos da solicita\u00e7\u00e3o\/reclama\u00e7\u00e3o descrita no campo mensagem e retidos no sistema inform\u00e1tico do respons\u00e1vel pelo tratamento at\u00e9 \u00e0 conclus\u00e3o do processo acrescido do per\u00edodo de um ano. Declaro que autorizo o tratamento dos meus dados pessoais nos termos acima referidos e a sua transfer\u00eancia para as empresas\/sucursais\/delega\u00e7\u00f5es da Erg Constru\u00e7\u00f5es. Caso o assunto descrito na solicita\u00e7\u00e3o\/reclama\u00e7\u00e3o deva ser tratado no local onde deu origem \u00e0 solicita\u00e7\u00e3o\/reclama\u00e7\u00e3o. Os dados pessoais ficar\u00e3o retidos no sistema inform\u00e1tico do respons\u00e1vel pelo tratamento at\u00e9 \u00e0 conclus\u00e3o do processo acrescido do per\u00edodo de um ano. Nos termos da legisla\u00e7\u00e3o aplic\u00e1vel, o titular dos dados pessoais poder\u00e1 solicitar a revoga\u00e7\u00e3o dos consentimentos dados, por carta ou por correio electr\u00f3nico para o respons\u00e1vel pelo. Esta revoga\u00e7\u00e3o n\u00e3o tem efeitos retroactivos.<\/p>","protected":false},"author":1,"featured_media":0,"parent":0,"menu_order":0,"comment_status":"closed","ping_status":"closed","template":"","meta":{"site-sidebar-layout":"no-sidebar","site-content-layout":"page-builder","ast-site-content-layout":"full-width-container","site-content-style":"default","site-sidebar-style":"default","ast-global-header-display":"","ast-banner-title-visibility":"","ast-main-header-display":"","ast-hfb-above-header-display":"","ast-hfb-below-header-display":"","ast-hfb-mobile-header-display":"","site-post-title":"disabled","ast-breadcrumbs-content":"","ast-featured-img":"disabled","footer-sml-layout":"","ast-disable-related-posts":"","theme-transparent-header-meta":"","adv-header-id-meta":"","stick-header-meta":"","header-above-stick-meta":"","header-main-stick-meta":"","header-below-stick-meta":"","astra-migrate-meta-layouts":"set","ast-page-background-enabled":"default","ast-page-background-meta":{"desktop":{"background-color":"","background-image":"","background-repeat":"repeat","background-position":"center center","background-size":"auto","background-attachment":"scroll","background-type":"","background-media":"","overlay-type":"","overlay-color":"","overlay-opacity":"","overlay-gradient":""},"tablet":{"background-color":"","background-image":"","background-repeat":"repeat","background-position":"center center","background-size":"auto","background-attachment":"scroll","background-type":"","background-media":"","overlay-type":"","overlay-color":"","overlay-opacity":"","overlay-gradient":""},"mobile":{"background-color":"","background-image":"","background-repeat":"repeat","background-position":"center center","background-size":"auto","background-attachment":"scroll","background-type":"","background-media":"","overlay-type":"","overlay-color":"","overlay-opacity":"","overlay-gradient":""}},"ast-content-background-meta":{"desktop":{"background-color":"var(--ast-global-color-5)","background-image":"","background-repeat":"repeat","background-position":"center center","background-size":"auto","background-attachment":"scroll","background-type":"","background-media":"","overlay-type":"","overlay-color":"","overlay-opacity":"","overlay-gradient":""},"tablet":{"background-color":"var(--ast-global-color-5)","background-image":"","background-repeat":"repeat","background-position":"center center","background-size":"auto","background-attachment":"scroll","background-type":"","background-media":"","overlay-type":"","overlay-color":"","overlay-opacity":"","overlay-gradient":""},"mobile":{"background-color":"var(--ast-global-color-5)","background-image":"","background-repeat":"repeat","background-position":"center center","background-size":"auto","background-attachment":"scroll","background-type":"","background-media":"","overlay-type":"","overlay-color":"","overlay-opacity":"","overlay-gradient":""}},"footnotes":""},"class_list":["post-1901","page","type-page","status-publish","hentry"],"_links":{"self":[{"href":"https:\/\/erg.co.mz\/en\/wp-json\/wp\/v2\/pages\/1901","targetHints":{"allow":["GET"]}}],"collection":[{"href":"https:\/\/erg.co.mz\/en\/wp-json\/wp\/v2\/pages"}],"about":[{"href":"https:\/\/erg.co.mz\/en\/wp-json\/wp\/v2\/types\/page"}],"author":[{"embeddable":true,"href":"https:\/\/erg.co.mz\/en\/wp-json\/wp\/v2\/users\/1"}],"replies":[{"embeddable":true,"href":"https:\/\/erg.co.mz\/en\/wp-json\/wp\/v2\/comments?post=1901"}],"version-history":[{"count":16,"href":"https:\/\/erg.co.mz\/en\/wp-json\/wp\/v2\/pages\/1901\/revisions"}],"predecessor-version":[{"id":2053,"href":"https:\/\/erg.co.mz\/en\/wp-json\/wp\/v2\/pages\/1901\/revisions\/2053"}],"wp:attachment":[{"href":"https:\/\/erg.co.mz\/en\/wp-json\/wp\/v2\/media?parent=1901"}],"curies":[{"name":"wp","href":"https:\/\/api.w.org\/{rel}","templated":true}]}}