{"id":939,"date":"2021-06-12T06:25:44","date_gmt":"2021-06-12T06:25:44","guid":{"rendered":"https:\/\/erg.co.mz\/?page_id=939"},"modified":"2024-01-15T07:14:19","modified_gmt":"2024-01-15T07:14:19","slug":"services","status":"publish","type":"page","link":"https:\/\/erg.co.mz\/en\/services\/","title":{"rendered":"Services"},"content":{"rendered":"\t\t<div data-elementor-type=\"wp-page\" data-elementor-id=\"939\" class=\"elementor elementor-939\" data-elementor-post-type=\"page\">\n\t\t\t\t<div class=\"elementor-element elementor-element-0ac9d44 e-flex e-con-boxed wpr-particle-no wpr-jarallax-no wpr-parallax-no wpr-sticky-section-no wpr-equal-height-no e-con e-parent\" data-id=\"0ac9d44\" data-element_type=\"container\" data-e-type=\"container\" data-settings=\"{&quot;background_background&quot;:&quot;classic&quot;}\">\n\t\t\t\t\t<div class=\"e-con-inner\">\n\t\t<div class=\"elementor-element elementor-element-de3bad6 e-con-full e-flex wpr-particle-no wpr-jarallax-no wpr-parallax-no wpr-sticky-section-no wpr-equal-height-no e-con e-child\" data-id=\"de3bad6\" data-element_type=\"container\" data-e-type=\"container\">\n\t\t\t\t<div class=\"elementor-element elementor-element-ad72e4f elementor-widget elementor-widget-heading\" data-id=\"ad72e4f\" data-element_type=\"widget\" data-e-type=\"widget\" data-widget_type=\"heading.default\">\n\t\t\t\t<div class=\"elementor-widget-container\">\n\t\t\t\t\t<h1 class=\"elementor-heading-title elementor-size-default\">Servi\u00e7os<\/h1>\t\t\t\t<\/div>\n\t\t\t\t<\/div>\n\t\t\t\t<\/div>\n\t\t\t\t\t<\/div>\n\t\t\t\t<\/div>\n\t\t<div class=\"elementor-element elementor-element-84e5eb4 e-flex e-con-boxed wpr-particle-no wpr-jarallax-no wpr-parallax-no wpr-sticky-section-no wpr-equal-height-no e-con e-parent\" data-id=\"84e5eb4\" data-element_type=\"container\" data-e-type=\"container\" data-settings=\"{&quot;background_background&quot;:&quot;classic&quot;}\">\n\t\t\t\t\t<div class=\"e-con-inner\">\n\t\t<div class=\"elementor-element elementor-element-ebb2f07 e-con-full e-flex wpr-particle-no wpr-jarallax-no wpr-parallax-no wpr-sticky-section-no wpr-equal-height-no e-con e-child\" data-id=\"ebb2f07\" data-element_type=\"container\" data-e-type=\"container\">\n\t\t\t\t<div class=\"elementor-element elementor-element-ef26ff0 elementor-widget elementor-widget-heading\" data-id=\"ef26ff0\" data-element_type=\"widget\" data-e-type=\"widget\" data-widget_type=\"heading.default\">\n\t\t\t\t<div class=\"elementor-widget-container\">\n\t\t\t\t\t<h6 class=\"elementor-heading-title elementor-size-default\">Nossos Servi\u00e7os<\/h6>\t\t\t\t<\/div>\n\t\t\t\t<\/div>\n\t\t\t\t<div class=\"elementor-element elementor-element-4dd7fe9 elementor-widget elementor-widget-heading\" data-id=\"4dd7fe9\" data-element_type=\"widget\" data-e-type=\"widget\" data-widget_type=\"heading.default\">\n\t\t\t\t<div class=\"elementor-widget-container\">\n\t\t\t\t\t<h2 class=\"elementor-heading-title elementor-size-default\">Confiar na experi\u00eancia<\/h2>\t\t\t\t<\/div>\n\t\t\t\t<\/div>\n\t\t<div class=\"elementor-element elementor-element-9b2f3c1 e-flex e-con-boxed wpr-particle-no wpr-jarallax-no wpr-parallax-no wpr-sticky-section-no wpr-equal-height-no e-con e-child\" data-id=\"9b2f3c1\" data-element_type=\"container\" data-e-type=\"container\">\n\t\t\t\t\t<div class=\"e-con-inner\">\n\t\t\t\t<div class=\"elementor-element elementor-element-1d70f17 elementor-widget__width-initial elementor-widget-tablet__width-initial elementor-widget-mobile__width-inherit elementor-position-top elementor-widget elementor-widget-image-box\" data-id=\"1d70f17\" data-element_type=\"widget\" data-e-type=\"widget\" data-widget_type=\"image-box.default\">\n\t\t\t\t<div class=\"elementor-widget-container\">\n\t\t\t\t\t<div class=\"elementor-image-box-wrapper\"><figure class=\"elementor-image-box-img\"><img fetchpriority=\"high\" decoding=\"async\" width=\"2560\" height=\"1707\" src=\"https:\/\/erg.co.mz\/wp-content\/uploads\/2023\/12\/construction-engineer-scaled.jpg\" class=\"attachment-full size-full wp-image-2117\" alt=\"\" srcset=\"https:\/\/erg.co.mz\/wp-content\/uploads\/2023\/12\/construction-engineer-scaled.jpg 2560w, https:\/\/erg.co.mz\/wp-content\/uploads\/2023\/12\/construction-engineer-300x200.jpg 300w, https:\/\/erg.co.mz\/wp-content\/uploads\/2023\/12\/construction-engineer-1024x683.jpg 1024w, https:\/\/erg.co.mz\/wp-content\/uploads\/2023\/12\/construction-engineer-768x512.jpg 768w, https:\/\/erg.co.mz\/wp-content\/uploads\/2023\/12\/construction-engineer-1536x1024.jpg 1536w, https:\/\/erg.co.mz\/wp-content\/uploads\/2023\/12\/construction-engineer-2048x1365.jpg 2048w, https:\/\/erg.co.mz\/wp-content\/uploads\/2023\/12\/construction-engineer-18x12.jpg 18w\" sizes=\"(max-width: 2560px) 100vw, 2560px\" \/><\/figure><div class=\"elementor-image-box-content\"><h4 class=\"elementor-image-box-title\">Engenharia<\/h4><p class=\"elementor-image-box-description\">Presta\u00e7\u00e3o de servi\u00e7os de elabora\u00e7\u00e3o de estudos e projectos de arquitectura, engenharia civil, mec\u00e2nica, el\u00e9ctrica, ambiental e transportes; Presta\u00e7\u00e3o de servi\u00e7os de assessoria, consultoria, capacita\u00e7\u00e3o, supervis\u00e3o, fiscaliza\u00e7\u00e3o de projectos de engenharia civil, mec\u00e2nica, el\u00e9ctrica, ambiental e transportes.<\/p><\/div><\/div>\t\t\t\t<\/div>\n\t\t\t\t<\/div>\n\t\t\t\t<div class=\"elementor-element elementor-element-bfe6c5d elementor-widget__width-initial elementor-widget-tablet__width-initial elementor-widget-mobile__width-inherit elementor-position-top elementor-widget elementor-widget-image-box\" data-id=\"bfe6c5d\" data-element_type=\"widget\" data-e-type=\"widget\" data-widget_type=\"image-box.default\">\n\t\t\t\t<div class=\"elementor-widget-container\">\n\t\t\t\t\t<div class=\"elementor-image-box-wrapper\"><figure class=\"elementor-image-box-img\"><img decoding=\"async\" width=\"2560\" height=\"1707\" src=\"https:\/\/erg.co.mz\/wp-content\/uploads\/2023\/12\/funcionarios-de-alto-angulo-trabalhando-juntos-scaled.jpg\" class=\"attachment-full size-full wp-image-1664\" alt=\"\" srcset=\"https:\/\/erg.co.mz\/wp-content\/uploads\/2023\/12\/funcionarios-de-alto-angulo-trabalhando-juntos-scaled.jpg 2560w, https:\/\/erg.co.mz\/wp-content\/uploads\/2023\/12\/funcionarios-de-alto-angulo-trabalhando-juntos-300x200.jpg 300w, https:\/\/erg.co.mz\/wp-content\/uploads\/2023\/12\/funcionarios-de-alto-angulo-trabalhando-juntos-1024x683.jpg 1024w, https:\/\/erg.co.mz\/wp-content\/uploads\/2023\/12\/funcionarios-de-alto-angulo-trabalhando-juntos-768x512.jpg 768w, https:\/\/erg.co.mz\/wp-content\/uploads\/2023\/12\/funcionarios-de-alto-angulo-trabalhando-juntos-1536x1024.jpg 1536w, https:\/\/erg.co.mz\/wp-content\/uploads\/2023\/12\/funcionarios-de-alto-angulo-trabalhando-juntos-2048x1365.jpg 2048w\" sizes=\"(max-width: 2560px) 100vw, 2560px\" \/><\/figure><div class=\"elementor-image-box-content\"><h4 class=\"elementor-image-box-title\">Gest\u00e3o de Projectos<\/h4><p class=\"elementor-image-box-description\">Administra\u00e7\u00e3o, gest\u00e3o e or\u00e7amenta\u00e7\u00e3o de projectos de arquitectura, engenharia civil, mec\u00e2nica, el\u00e9ctrica, ambiental e transportes; Presta\u00e7\u00e3o de servi\u00e7os de licenciamento de obras e projectos de arquitectura, engenharia civil, mec\u00e2nica, el\u00e9ctrica, ambiental e transportes<\/p><\/div><\/div>\t\t\t\t<\/div>\n\t\t\t\t<\/div>\n\t\t\t\t<div class=\"elementor-element elementor-element-44180fc elementor-widget__width-initial elementor-widget-tablet__width-initial elementor-widget-mobile__width-inherit elementor-position-top elementor-widget elementor-widget-image-box\" data-id=\"44180fc\" data-element_type=\"widget\" data-e-type=\"widget\" data-widget_type=\"image-box.default\">\n\t\t\t\t<div class=\"elementor-widget-container\">\n\t\t\t\t\t<div class=\"elementor-image-box-wrapper\"><figure class=\"elementor-image-box-img\"><img decoding=\"async\" width=\"2560\" height=\"1463\" src=\"https:\/\/erg.co.mz\/wp-content\/uploads\/2023\/12\/modern-residential-district-with-green-roof-balcony-generated-by-ai-scaled.jpg\" class=\"attachment-full size-full wp-image-1736\" alt=\"\" srcset=\"https:\/\/erg.co.mz\/wp-content\/uploads\/2023\/12\/modern-residential-district-with-green-roof-balcony-generated-by-ai-scaled.jpg 2560w, https:\/\/erg.co.mz\/wp-content\/uploads\/2023\/12\/modern-residential-district-with-green-roof-balcony-generated-by-ai-300x171.jpg 300w, https:\/\/erg.co.mz\/wp-content\/uploads\/2023\/12\/modern-residential-district-with-green-roof-balcony-generated-by-ai-1024x585.jpg 1024w, https:\/\/erg.co.mz\/wp-content\/uploads\/2023\/12\/modern-residential-district-with-green-roof-balcony-generated-by-ai-768x439.jpg 768w, https:\/\/erg.co.mz\/wp-content\/uploads\/2023\/12\/modern-residential-district-with-green-roof-balcony-generated-by-ai-1536x878.jpg 1536w, https:\/\/erg.co.mz\/wp-content\/uploads\/2023\/12\/modern-residential-district-with-green-roof-balcony-generated-by-ai-2048x1170.jpg 2048w\" sizes=\"(max-width: 2560px) 100vw, 2560px\" \/><\/figure><div class=\"elementor-image-box-content\"><h4 class=\"elementor-image-box-title\">Imobili\u00e1rio<\/h4><p class=\"elementor-image-box-description\">Presta\u00e7\u00e3o de servi\u00e7os de promo\u00e7\u00e3o, avalia\u00e7\u00e3o, aliena\u00e7\u00e3o, compra, venda e intermedia\u00e7\u00e3o de empreendimentos imobili\u00e1rios pr\u00f3prios ou de terceiros de qualquer natureza\n<\/p><\/div><\/div>\t\t\t\t<\/div>\n\t\t\t\t<\/div>\n\t\t\t\t<div class=\"elementor-element elementor-element-3a2ab3a elementor-widget__width-initial elementor-widget-tablet__width-initial elementor-widget-mobile__width-inherit elementor-position-top elementor-widget elementor-widget-image-box\" data-id=\"3a2ab3a\" data-element_type=\"widget\" data-e-type=\"widget\" data-widget_type=\"image-box.default\">\n\t\t\t\t<div class=\"elementor-widget-container\">\n\t\t\t\t\t<div class=\"elementor-image-box-wrapper\"><figure class=\"elementor-image-box-img\"><img loading=\"lazy\" decoding=\"async\" width=\"2560\" height=\"1648\" src=\"https:\/\/erg.co.mz\/wp-content\/uploads\/2023\/12\/close-up-construction-site-excavator-scaled.jpg\" class=\"attachment-full size-full wp-image-2106\" alt=\"\" srcset=\"https:\/\/erg.co.mz\/wp-content\/uploads\/2023\/12\/close-up-construction-site-excavator-scaled.jpg 2560w, https:\/\/erg.co.mz\/wp-content\/uploads\/2023\/12\/close-up-construction-site-excavator-300x193.jpg 300w, https:\/\/erg.co.mz\/wp-content\/uploads\/2023\/12\/close-up-construction-site-excavator-1024x659.jpg 1024w, https:\/\/erg.co.mz\/wp-content\/uploads\/2023\/12\/close-up-construction-site-excavator-768x494.jpg 768w, https:\/\/erg.co.mz\/wp-content\/uploads\/2023\/12\/close-up-construction-site-excavator-1536x989.jpg 1536w, https:\/\/erg.co.mz\/wp-content\/uploads\/2023\/12\/close-up-construction-site-excavator-2048x1318.jpg 2048w, https:\/\/erg.co.mz\/wp-content\/uploads\/2023\/12\/close-up-construction-site-excavator-18x12.jpg 18w\" sizes=\"(max-width: 2560px) 100vw, 2560px\" \/><\/figure><div class=\"elementor-image-box-content\"><h4 class=\"elementor-image-box-title\">Material de constru\u00e7\u00e3o<\/h4><p class=\"elementor-image-box-description\">Aluguer, venda e fornecimento de equipamentos e materiais de higiene, protec\u00e7\u00e3o e seguran\u00e7a, ambiente, sinaliza\u00e7\u00e3o, constru\u00e7\u00e3o e demoli\u00e7\u00e3o<\/p><\/div><\/div>\t\t\t\t<\/div>\n\t\t\t\t<\/div>\n\t\t\t\t<div class=\"elementor-element elementor-element-765c411 elementor-widget__width-initial elementor-widget-tablet__width-initial elementor-widget-mobile__width-inherit elementor-position-top elementor-widget elementor-widget-image-box\" data-id=\"765c411\" data-element_type=\"widget\" data-e-type=\"widget\" data-widget_type=\"image-box.default\">\n\t\t\t\t<div class=\"elementor-widget-container\">\n\t\t\t\t\t<div class=\"elementor-image-box-wrapper\"><figure class=\"elementor-image-box-img\"><img loading=\"lazy\" decoding=\"async\" width=\"2560\" height=\"1707\" src=\"https:\/\/erg.co.mz\/wp-content\/uploads\/2023\/12\/barra-de-aco-no-local-de-construcao-scaled.jpg\" class=\"attachment-full size-full wp-image-1668\" alt=\"\" srcset=\"https:\/\/erg.co.mz\/wp-content\/uploads\/2023\/12\/barra-de-aco-no-local-de-construcao-scaled.jpg 2560w, https:\/\/erg.co.mz\/wp-content\/uploads\/2023\/12\/barra-de-aco-no-local-de-construcao-300x200.jpg 300w, https:\/\/erg.co.mz\/wp-content\/uploads\/2023\/12\/barra-de-aco-no-local-de-construcao-1024x683.jpg 1024w, https:\/\/erg.co.mz\/wp-content\/uploads\/2023\/12\/barra-de-aco-no-local-de-construcao-768x512.jpg 768w, https:\/\/erg.co.mz\/wp-content\/uploads\/2023\/12\/barra-de-aco-no-local-de-construcao-1536x1024.jpg 1536w, https:\/\/erg.co.mz\/wp-content\/uploads\/2023\/12\/barra-de-aco-no-local-de-construcao-2048x1365.jpg 2048w\" sizes=\"(max-width: 2560px) 100vw, 2560px\" \/><\/figure><div class=\"elementor-image-box-content\"><h4 class=\"elementor-image-box-title\">Constru\u00e7\u00e3o civil<\/h4><p class=\"elementor-image-box-description\">Constru\u00e7\u00e3o, demoli\u00e7\u00e3o, reabilita\u00e7\u00e3o, design e execu\u00e7\u00e3o de acabamentos (interiores e exteriores), manuten\u00e7\u00e3o de obras p\u00fablicas e privadas;\n<\/p><\/div><\/div>\t\t\t\t<\/div>\n\t\t\t\t<\/div>\n\t\t\t\t<div class=\"elementor-element elementor-element-9cd1795 elementor-widget__width-initial elementor-widget-tablet__width-initial elementor-widget-mobile__width-inherit elementor-position-top elementor-widget elementor-widget-image-box\" data-id=\"9cd1795\" data-element_type=\"widget\" data-e-type=\"widget\" data-widget_type=\"image-box.default\">\n\t\t\t\t<div class=\"elementor-widget-container\">\n\t\t\t\t\t<div class=\"elementor-image-box-wrapper\"><figure class=\"elementor-image-box-img\"><img loading=\"lazy\" decoding=\"async\" width=\"1536\" height=\"1024\" src=\"https:\/\/erg.co.mz\/wp-content\/uploads\/2023\/12\/scandinavian-living-room-interior-design-zoom-background-1536x1024.jpg\" class=\"attachment-1536x1536 size-1536x1536 wp-image-2107\" alt=\"\" srcset=\"https:\/\/erg.co.mz\/wp-content\/uploads\/2023\/12\/scandinavian-living-room-interior-design-zoom-background-1536x1024.jpg 1536w, https:\/\/erg.co.mz\/wp-content\/uploads\/2023\/12\/scandinavian-living-room-interior-design-zoom-background-300x200.jpg 300w, https:\/\/erg.co.mz\/wp-content\/uploads\/2023\/12\/scandinavian-living-room-interior-design-zoom-background-1024x683.jpg 1024w, https:\/\/erg.co.mz\/wp-content\/uploads\/2023\/12\/scandinavian-living-room-interior-design-zoom-background-768x512.jpg 768w, https:\/\/erg.co.mz\/wp-content\/uploads\/2023\/12\/scandinavian-living-room-interior-design-zoom-background-2048x1365.jpg 2048w, https:\/\/erg.co.mz\/wp-content\/uploads\/2023\/12\/scandinavian-living-room-interior-design-zoom-background-18x12.jpg 18w\" sizes=\"(max-width: 1536px) 100vw, 1536px\" \/><\/figure><div class=\"elementor-image-box-content\"><h4 class=\"elementor-image-box-title\">Mobili\u00e1rio<\/h4><p class=\"elementor-image-box-description\">Produ\u00e7\u00e3o e venda de mobili\u00e1rio;<\/p><\/div><\/div>\t\t\t\t<\/div>\n\t\t\t\t<\/div>\n\t\t\t\t\t<\/div>\n\t\t\t\t<\/div>\n\t\t\t\t<\/div>\n\t\t\t\t\t<\/div>\n\t\t\t\t<\/div>\n\t\t<div class=\"elementor-element elementor-element-9e6bca0 e-flex e-con-boxed wpr-particle-no wpr-jarallax-no wpr-parallax-no wpr-sticky-section-no wpr-equal-height-no e-con e-parent\" data-id=\"9e6bca0\" data-element_type=\"container\" data-e-type=\"container\" data-settings=\"{&quot;shape_divider_top&quot;:&quot;opacity-tilt&quot;,&quot;background_background&quot;:&quot;classic&quot;}\">\n\t\t\t\t\t<div class=\"e-con-inner\">\n\t\t\t\t<div class=\"elementor-shape elementor-shape-top\" aria-hidden=\"true\" data-negative=\"false\">\n\t\t\t<svg xmlns=\"http:\/\/www.w3.org\/2000\/svg\" viewBox=\"0 0 2600 131.1\" preserveAspectRatio=\"none\">\n\t<path class=\"elementor-shape-fill\" d=\"M0 0L2600 0 2600 69.1 0 0z\"\/>\n\t<path class=\"elementor-shape-fill\" style=\"opacity:0.5\" d=\"M0 0L2600 0 2600 69.1 0 69.1z\"\/>\n\t<path class=\"elementor-shape-fill\" style=\"opacity:0.25\" d=\"M2600 0L0 0 0 130.1 2600 69.1z\"\/>\n<\/svg>\t\t<\/div>\n\t\t<div class=\"elementor-element elementor-element-9d7cb13 e-con-full e-flex wpr-particle-no wpr-jarallax-no wpr-parallax-no wpr-sticky-section-no wpr-equal-height-no e-con e-child\" data-id=\"9d7cb13\" data-element_type=\"container\" data-e-type=\"container\" data-settings=\"{&quot;background_background&quot;:&quot;gradient&quot;}\">\n\t\t\t\t<div class=\"elementor-element elementor-element-1304961 elementor-widget elementor-widget-icon-box\" data-id=\"1304961\" data-element_type=\"widget\" data-e-type=\"widget\" data-widget_type=\"icon-box.default\">\n\t\t\t\t<div class=\"elementor-widget-container\">\n\t\t\t\t\t\t\t<div class=\"elementor-icon-box-wrapper\">\n\n\t\t\t\n\t\t\t\t\t\t<div class=\"elementor-icon-box-content\">\n\n\t\t\t\t\t\t\t\t\t<h2 class=\"elementor-icon-box-title\">\n\t\t\t\t\t\t<span  >\n\t\t\t\t\t\t\tMarca\u00e7\u00e3o de uma reuni\u00e3o\t\t\t\t\t\t<\/span>\n\t\t\t\t\t<\/h2>\n\t\t\t\t\n\t\t\t\t\t\t\t\t\t<p class=\"elementor-icon-box-description\">\n\t\t\t\t\t\tEstamos ansiosos para discutir suas necessidades e ideias. Podemos agendar uma reuni\u00e3o para explorar como podemos colaborar efectivamente em seu pr\u00f3ximo projecto\n \t\t\t\t\t<\/p>\n\t\t\t\t\n\t\t\t<\/div>\n\t\t\t\n\t\t<\/div>\n\t\t\t\t\t\t<\/div>\n\t\t\t\t<\/div>\n\t\t\t\t<div class=\"elementor-element elementor-element-7cd94fd elementor-widget elementor-widget-wpforms\" data-id=\"7cd94fd\" data-element_type=\"widget\" data-e-type=\"widget\" data-widget_type=\"wpforms.default\">\n\t\t\t\t<div class=\"elementor-widget-container\">\n\t\t\t\t\t<div class=\"wpforms-container inline-fields\" id=\"wpforms-11\"><form id=\"wpforms-form-11\" class=\"wpforms-validate wpforms-form\" data-formid=\"11\" method=\"post\" enctype=\"multipart\/form-data\" action=\"\/en\/wp-json\/wp\/v2\/pages\/939\" data-token=\"251bd57c5a3db74465df9ae8e5d7dafc\" data-token-time=\"1776524370\"><noscript class=\"wpforms-error-noscript\">Please enable JavaScript in your browser to complete this form.<\/noscript><div class=\"wpforms-field-container\"><div id=\"wpforms-11-field_6-container\" class=\"wpforms-field wpforms-field-email\" data-field-id=\"6\"><label class=\"wpforms-field-label\" for=\"wpforms-11-field_6\">Email<\/label><input type=\"email\" id=\"wpforms-11-field_6\" class=\"wpforms-field-medium\" name=\"wpforms[fields][6]\" spellcheck=\"false\" ><\/div><div id=\"wpforms-11-field_7-container\" class=\"wpforms-field wpforms-field-number\" data-field-id=\"7\"><label class=\"wpforms-field-label\" for=\"wpforms-11-field_7\">Telefone<\/label><input type=\"number\" id=\"wpforms-11-field_7\" class=\"wpforms-field-medium\" name=\"wpforms[fields][7]\" placeholder=\"84 *********\" step=\"any\" ><\/div><div id=\"wpforms-11-field_8-container\" class=\"wpforms-field wpforms-field-name\" data-field-id=\"8\"><label class=\"wpforms-field-label\" for=\"wpforms-11-field_8\">Nome <span class=\"wpforms-required-label\">*<\/span><\/label><input type=\"text\" id=\"wpforms-11-field_8\" class=\"wpforms-field-medium wpforms-field-required\" name=\"wpforms[fields][8]\" placeholder=\"Seu nome\" required><\/div><\/div><!-- .wpforms-field-container --><div class=\"wpforms-submit-container\" ><input type=\"hidden\" name=\"wpforms[id]\" value=\"11\"><input type=\"hidden\" name=\"page_title\" value=\"\"><input type=\"hidden\" name=\"page_url\" value=\"https:\/\/erg.co.mz\/en\/wp-json\/wp\/v2\/pages\/939\"><input type=\"hidden\" name=\"url_referer\" value=\"\"><button type=\"submit\" name=\"wpforms[submit]\" id=\"wpforms-submit-11\" class=\"wpforms-submit\" data-alt-text=\"Enviando...\" data-submit-text=\"Enviar\" aria-live=\"assertive\" value=\"wpforms-submit\">Enviar<\/button><\/div><\/form><\/div>  <!-- .wpforms-container -->\t\t\t\t<\/div>\n\t\t\t\t<\/div>\n\t\t\t\t<\/div>\n\t\t\t\t\t<\/div>\n\t\t\t\t<\/div>\n\t\t\t\t<\/div>\n\t\t","protected":false},"excerpt":{"rendered":"<p>Servi\u00e7os Nossos Servi\u00e7os Confiar na experi\u00eancia Engenharia Presta\u00e7\u00e3o de servi\u00e7os de elabora\u00e7\u00e3o de estudos e projectos de arquitectura, engenharia civil, mec\u00e2nica, el\u00e9ctrica, ambiental e transportes; Presta\u00e7\u00e3o de servi\u00e7os de assessoria, consultoria, capacita\u00e7\u00e3o, supervis\u00e3o, fiscaliza\u00e7\u00e3o de projectos de engenharia civil, mec\u00e2nica, el\u00e9ctrica, ambiental e transportes. Gest\u00e3o de Projectos Administra\u00e7\u00e3o, gest\u00e3o e or\u00e7amenta\u00e7\u00e3o de projectos de arquitectura, engenharia civil, mec\u00e2nica, el\u00e9ctrica, ambiental e transportes; Presta\u00e7\u00e3o de servi\u00e7os de licenciamento de obras e projectos de arquitectura, engenharia civil, mec\u00e2nica, el\u00e9ctrica, ambiental e transportes Imobili\u00e1rio Presta\u00e7\u00e3o de servi\u00e7os de promo\u00e7\u00e3o, avalia\u00e7\u00e3o, aliena\u00e7\u00e3o, compra, venda e intermedia\u00e7\u00e3o de empreendimentos imobili\u00e1rios pr\u00f3prios ou de terceiros de qualquer natureza Material de constru\u00e7\u00e3o Aluguer, venda e fornecimento de equipamentos e materiais de higiene, protec\u00e7\u00e3o e seguran\u00e7a, ambiente, sinaliza\u00e7\u00e3o, constru\u00e7\u00e3o e demoli\u00e7\u00e3o Constru\u00e7\u00e3o civil Constru\u00e7\u00e3o, demoli\u00e7\u00e3o, reabilita\u00e7\u00e3o, design e execu\u00e7\u00e3o de acabamentos (interiores e exteriores), manuten\u00e7\u00e3o de obras p\u00fablicas e privadas; Mobili\u00e1rio Produ\u00e7\u00e3o e venda de mobili\u00e1rio; Marca\u00e7\u00e3o de uma reuni\u00e3o Estamos ansiosos para discutir suas necessidades e ideias. Podemos agendar uma reuni\u00e3o para explorar como podemos colaborar efectivamente em seu pr\u00f3ximo projecto Please enable JavaScript in your browser to complete this form. Enviar<\/p>","protected":false},"author":1,"featured_media":0,"parent":0,"menu_order":0,"comment_status":"closed","ping_status":"closed","template":"","meta":{"site-sidebar-layout":"no-sidebar","site-content-layout":"page-builder","ast-site-content-layout":"default","site-content-style":"default","site-sidebar-style":"default","ast-global-header-display":"","ast-banner-title-visibility":"","ast-main-header-display":"","ast-hfb-above-header-display":"","ast-hfb-below-header-display":"","ast-hfb-mobile-header-display":"","site-post-title":"disabled","ast-breadcrumbs-content":"disabled","ast-featured-img":"disabled","footer-sml-layout":"","ast-disable-related-posts":"","theme-transparent-header-meta":"enabled","adv-header-id-meta":"","stick-header-meta":"","header-above-stick-meta":"","header-main-stick-meta":"","header-below-stick-meta":"","astra-migrate-meta-layouts":"default","ast-page-background-enabled":"default","ast-page-background-meta":{"desktop":{"background-color":"","background-image":"","background-repeat":"repeat","background-position":"center center","background-size":"auto","background-attachment":"scroll","background-type":"","background-media":"","overlay-type":"","overlay-color":"","overlay-opacity":"","overlay-gradient":""},"tablet":{"background-color":"","background-image":"","background-repeat":"repeat","background-position":"center center","background-size":"auto","background-attachment":"scroll","background-type":"","background-media":"","overlay-type":"","overlay-color":"","overlay-opacity":"","overlay-gradient":""},"mobile":{"background-color":"","background-image":"","background-repeat":"repeat","background-position":"center center","background-size":"auto","background-attachment":"scroll","background-type":"","background-media":"","overlay-type":"","overlay-color":"","overlay-opacity":"","overlay-gradient":""}},"ast-content-background-meta":{"desktop":{"background-color":"var(--ast-global-color-5)","background-image":"","background-repeat":"repeat","background-position":"center center","background-size":"auto","background-attachment":"scroll","background-type":"","background-media":"","overlay-type":"","overlay-color":"","overlay-opacity":"","overlay-gradient":""},"tablet":{"background-color":"var(--ast-global-color-5)","background-image":"","background-repeat":"repeat","background-position":"center center","background-size":"auto","background-attachment":"scroll","background-type":"","background-media":"","overlay-type":"","overlay-color":"","overlay-opacity":"","overlay-gradient":""},"mobile":{"background-color":"var(--ast-global-color-5)","background-image":"","background-repeat":"repeat","background-position":"center center","background-size":"auto","background-attachment":"scroll","background-type":"","background-media":"","overlay-type":"","overlay-color":"","overlay-opacity":"","overlay-gradient":""}},"footnotes":""},"class_list":["post-939","page","type-page","status-publish","hentry"],"_links":{"self":[{"href":"https:\/\/erg.co.mz\/en\/wp-json\/wp\/v2\/pages\/939","targetHints":{"allow":["GET"]}}],"collection":[{"href":"https:\/\/erg.co.mz\/en\/wp-json\/wp\/v2\/pages"}],"about":[{"href":"https:\/\/erg.co.mz\/en\/wp-json\/wp\/v2\/types\/page"}],"author":[{"embeddable":true,"href":"https:\/\/erg.co.mz\/en\/wp-json\/wp\/v2\/users\/1"}],"replies":[{"embeddable":true,"href":"https:\/\/erg.co.mz\/en\/wp-json\/wp\/v2\/comments?post=939"}],"version-history":[{"count":75,"href":"https:\/\/erg.co.mz\/en\/wp-json\/wp\/v2\/pages\/939\/revisions"}],"predecessor-version":[{"id":2214,"href":"https:\/\/erg.co.mz\/en\/wp-json\/wp\/v2\/pages\/939\/revisions\/2214"}],"wp:attachment":[{"href":"https:\/\/erg.co.mz\/en\/wp-json\/wp\/v2\/media?parent=939"}],"curies":[{"name":"wp","href":"https:\/\/api.w.org\/{rel}","templated":true}]}}